
{"id":318,"date":"2021-02-24T17:52:32","date_gmt":"2021-02-24T17:52:32","guid":{"rendered":"https:\/\/becas.usac.edu.gt\/?page_id=318"},"modified":"2021-02-24T18:06:45","modified_gmt":"2021-02-24T18:06:45","slug":"exoneracion-de-matricula","status":"publish","type":"page","link":"https:\/\/becas.usac.edu.gt\/index.php\/exoneracion-de-matricula\/","title":{"rendered":"Exoneraci\u00f3n Matr\u00edcula para estudiantes de nacionalidad Extranjera"},"content":{"rendered":"\n<p style=\"background-color:#cae869;color:#ffffff\" class=\"has-text-color has-background\">REQUISITOS GENERALES<\/p>\n\n\n\n<ul class=\"wp-block-list\"><li>No ser mayor de 30 a\u00f1os.<\/li><li>No ser estudiante repitente.<\/li><li>Tener promedio acad\u00e9mico igual o mayor que la media acad\u00e9mica de la carrera.<\/li><\/ul>\n\n\n\n<p style=\"background-color:#cae869;color:#fcfcfc\" class=\"has-text-color has-background\">DOCUMENTOS A ADJUNTAR A LA SOLICITUD <\/p>\n\n\n\n<ul class=\"wp-block-list\"><li>Llenar e imprimir la solicitud de beca (Form. SSE-20).<\/li><li>Constancia de estar inscrito en la universidad.<\/li><li>Fotocopia del recibo del haber pagado la primera cuota de matr\u00edcula de estudiante extranjero.<\/li><li>Fotocopia de pasaporte.<\/li><li>Demostrar que tiene tr\u00e1mite de nacionalizaci\u00f3n o permiso de estudiar en el pa\u00eds (fotocopia).<\/li><li>Estudiante de primer ingreso: Fotocopia de certificaci\u00f3n de estudios del nivel medio.<\/li><li>Estudiante de reingreso: Certificaci\u00f3n de cursos de haber aprobado el semestre o a\u00f1o anterior.<\/li><li>Constancia de ingresos econ\u00f3micos del solicitante o de la persona que sostiene al estudiante.<\/li><\/ul>\n\n\n\n<p><\/p>\n","protected":false},"excerpt":{"rendered":"<p>REQUISITOS GENERALES No ser mayor de 30 a\u00f1os. No ser estudiante repitente. Tener promedio acad\u00e9mico igual o mayor que la media acad\u00e9mica de la carrera. DOCUMENTOS A ADJUNTAR A LA SOLICITUD Llenar e imprimir la solicitud de beca (Form. SSE-20).<\/p>\n","protected":false},"author":2,"featured_media":0,"parent":0,"menu_order":0,"comment_status":"closed","ping_status":"closed","template":"","meta":{"footnotes":""},"class_list":["post-318","page","type-page","status-publish","hentry"],"_links":{"self":[{"href":"https:\/\/becas.usac.edu.gt\/index.php\/wp-json\/wp\/v2\/pages\/318","targetHints":{"allow":["GET"]}}],"collection":[{"href":"https:\/\/becas.usac.edu.gt\/index.php\/wp-json\/wp\/v2\/pages"}],"about":[{"href":"https:\/\/becas.usac.edu.gt\/index.php\/wp-json\/wp\/v2\/types\/page"}],"author":[{"embeddable":true,"href":"https:\/\/becas.usac.edu.gt\/index.php\/wp-json\/wp\/v2\/users\/2"}],"replies":[{"embeddable":true,"href":"https:\/\/becas.usac.edu.gt\/index.php\/wp-json\/wp\/v2\/comments?post=318"}],"version-history":[{"count":3,"href":"https:\/\/becas.usac.edu.gt\/index.php\/wp-json\/wp\/v2\/pages\/318\/revisions"}],"predecessor-version":[{"id":322,"href":"https:\/\/becas.usac.edu.gt\/index.php\/wp-json\/wp\/v2\/pages\/318\/revisions\/322"}],"wp:attachment":[{"href":"https:\/\/becas.usac.edu.gt\/index.php\/wp-json\/wp\/v2\/media?parent=318"}],"curies":[{"name":"wp","href":"https:\/\/api.w.org\/{rel}","templated":true}]}}