
{"id":38,"date":"2019-05-02T21:13:19","date_gmt":"2019-05-02T21:13:19","guid":{"rendered":"http:\/\/c3.usac.edu.gt\/becas.usac.edu.gt\/public_html\/?page_id=38"},"modified":"2025-08-27T15:53:20","modified_gmt":"2025-08-27T15:53:20","slug":"pregrado-primer-ingreso","status":"publish","type":"page","link":"https:\/\/becas.usac.edu.gt\/index.php\/pregrado-primer-ingreso\/","title":{"rendered":"Pregrado (Primera Solicitud)"},"content":{"rendered":"\n<h2 class=\"wp-block-heading\">Estudiantes de Primera Solicitud<\/h2>\n\n\n\n<p class=\"has-text-color has-background\" style=\"color:#ffffff;background-color:#c3d456\"><strong>REQUISITOS GENERALES<\/strong><\/p>\n\n\n\n<ul class=\"wp-block-list\">\n<li>Ser guatemalteco(a) de origen.<\/li>\n\n\n\n<li>Estar inscrito(a) en la Universidad de San Carlos de Guatemala. <\/li>\n\n\n\n<li>Ser una persona de escasos recursos econ\u00f3micos, comprobables.<\/li>\n\n\n\n<li>Tener y mantener alto rendimiento acad\u00e9mico.<\/li>\n\n\n\n<li>Deber\u00e1 obtener un promedio no menor de setenta (70) puntos durante el \u00faltimo a\u00f1o de Diversificado. <\/li>\n\n\n\n<li>Carta dirigida a la Secci\u00f3n Socioecon\u00f3mica de la Divisi\u00f3n de Bienestar Estudiantil Universitario -DBEU-, donde especifique que no labora para ninguna entidad p\u00fablica o privada.<\/li>\n\n\n\n<li>No ser mayor de 27 a\u00f1os, a excepci\u00f3n de estudiantes con discapacidad que el l\u00edmite de edad ser\u00e1 de 30 a\u00f1os.<\/li>\n<\/ul>\n\n\n\n<p class=\"has-text-color has-background\" style=\"color:#ffffff;background-color:#c3d456\">DOCUMENTACI\u00d3N REQUERIDA<\/p>\n\n\n\n<ul class=\"wp-block-list\">\n<li>Certificado de nacimiento, extendida recientemente (si es menor de edad).<\/li>\n\n\n\n<li>Fotocopia del documento personal de identificaci\u00f3n -DPI- (si es mayor de edad). <\/li>\n\n\n\n<li>Constancia de inscripci\u00f3n en la Universidad de San Carlos de Guatemala emitida por el Departamento de Registro y Estad\u00edstica.<\/li>\n\n\n\n<li>Fotocopia de la Certificaci\u00f3n General de Estudios de Diversificado.<\/li>\n\n\n\n<li>Constancia de ingresos de las personas que sostienen y aportan econ\u00f3micamente al n\u00facleo familiar misma puede ser extendida por: el Alcalde Municipal; Peritos Contadores autorizados por la Superintendencia de Administraci\u00f3n Tributaria -SAT-; el Jefe de Recursos Humanos, en el caso de empresas privadas, boleta de pago para el caso de empleados estatales y para los jubilados el acuerdo de jubilaci\u00f3n inicial y el \u00faltimo dep\u00f3sito bancario (todos los documentos debidamente firmados y sellados).<\/li>\n\n\n\n<li>Constancia de No tener sanciones en la Unidad Acad\u00e9mica a la que pertenece, extendida por el Secretario Acad\u00e9mico o autoridad que corresponda.<\/li>\n\n\n\n<li>Generar Formulario de solicitud de beca e imprimirla en tama\u00f1o oficio.<\/li>\n<\/ul>\n\n\n\n<div class=\"wp-block-buttons is-layout-flex wp-block-buttons-is-layout-flex\"><\/div>\n","protected":false},"excerpt":{"rendered":"<p>Estudiantes de Primera Solicitud REQUISITOS GENERALES DOCUMENTACI\u00d3N REQUERIDA<\/p>\n","protected":false},"author":1,"featured_media":0,"parent":0,"menu_order":0,"comment_status":"closed","ping_status":"closed","template":"","meta":{"footnotes":""},"class_list":["post-38","page","type-page","status-publish","hentry"],"_links":{"self":[{"href":"https:\/\/becas.usac.edu.gt\/index.php\/wp-json\/wp\/v2\/pages\/38","targetHints":{"allow":["GET"]}}],"collection":[{"href":"https:\/\/becas.usac.edu.gt\/index.php\/wp-json\/wp\/v2\/pages"}],"about":[{"href":"https:\/\/becas.usac.edu.gt\/index.php\/wp-json\/wp\/v2\/types\/page"}],"author":[{"embeddable":true,"href":"https:\/\/becas.usac.edu.gt\/index.php\/wp-json\/wp\/v2\/users\/1"}],"replies":[{"embeddable":true,"href":"https:\/\/becas.usac.edu.gt\/index.php\/wp-json\/wp\/v2\/comments?post=38"}],"version-history":[{"count":26,"href":"https:\/\/becas.usac.edu.gt\/index.php\/wp-json\/wp\/v2\/pages\/38\/revisions"}],"predecessor-version":[{"id":452,"href":"https:\/\/becas.usac.edu.gt\/index.php\/wp-json\/wp\/v2\/pages\/38\/revisions\/452"}],"wp:attachment":[{"href":"https:\/\/becas.usac.edu.gt\/index.php\/wp-json\/wp\/v2\/media?parent=38"}],"curies":[{"name":"wp","href":"https:\/\/api.w.org\/{rel}","templated":true}]}}