
{"id":456,"date":"2025-09-01T18:46:29","date_gmt":"2025-09-01T18:46:29","guid":{"rendered":"https:\/\/becas.usac.edu.gt\/?page_id=456"},"modified":"2026-02-06T20:40:15","modified_gmt":"2026-02-06T20:40:15","slug":"por-excelencia-academica-para-centros-educativos-publicos","status":"publish","type":"page","link":"https:\/\/becas.usac.edu.gt\/index.php\/por-excelencia-academica-para-centros-educativos-publicos\/","title":{"rendered":"Por Excelencia Acad\u00e9mica Para Centros Educativos P\u00fablicos (Departamento de Guatemala)."},"content":{"rendered":"\n<p class=\"has-text-color has-background\" style=\"color:#ffffff;background-color:#c3d456\"><strong>REQUISITOS GENERALES<\/strong><\/p>\n\n\n\n<ol style=\"list-style-type:lower-alpha\" class=\"wp-block-list has-black-color has-white-background-color has-text-color has-background\">\n<li style=\"border-style:none;border-width:0px;font-size:17px\">Ser guatemalteco (a) de origen.<\/li>\n\n\n\n<li style=\"border-style:none;border-width:0px;font-size:17px\">Estar inscrito (a) en la Universidad de San Carlos de Guatemala.<\/li>\n\n\n\n<li>Ser una persona de escasos recursos econ\u00f3micos, comprobables.<\/li>\n\n\n\n<li style=\"border-style:none;border-width:0px;font-size:17px\">Tener y mantener buen rendimiento acad\u00e9mico.<\/li>\n\n\n\n<li style=\"border-style:none;border-width:0px;font-size:17px\">No tener sanciones en la Unidad Acad\u00e9mica en la que est\u00e1 inscrito.<\/li>\n\n\n\n<li style=\"border-style:none;border-width:0px;font-size:17px\">Carta dirigida a la Secci\u00f3n Socioecon\u00f3mica de la Divisi\u00f3n Bienestar Estudiantil Universitario -DBEU- donde especifique que no labora para ninguna entidad p\u00fablica o privada, salvo lo establecido en la literal h. del art\u00edculo precedente. La Universidad se reserva el derecho de investigar lo consignado por los medios correspondientes.<\/li>\n<\/ol>\n\n\n\n<hr class=\"wp-block-separator has-css-opacity\"\/>\n\n\n\n<p class=\"has-text-color has-background\" style=\"color:#ffffff;background-color:#c3d456\">DOCUMENTACI\u00d3N REQUERIDA<\/p>\n\n\n\n<ol style=\"list-style-type:lower-alpha\" class=\"wp-block-list\">\n<li class=\"has-black-color has-text-color has-link-color wp-elements-fba48af0eaadab7be06207aeabc45acf\" style=\"border-style:none;border-width:0px;font-size:17px\">Solicitud de beca a trav\u00e9s de p\u00e1gina web de la Secci\u00f3n Socioecon\u00f3mica de la Divisi\u00f3n de Bienestar Estudiantil Universitario -DBEU-.<\/li>\n\n\n\n<li class=\"has-black-color has-text-color has-link-color wp-elements-a950a61453fa4148ff1dd2d2655f3e48\" style=\"border-style:none;border-width:0px;font-size:17px\">Estar inscrito (a) en la Universidad de San Carlos de Guatemala.<\/li>\n\n\n\n<li class=\"has-black-color has-text-color has-link-color wp-elements-7cca97a62c2fa1571df6530011a7402c\" style=\"border-style:none;border-width:0px;font-size:17px\">Fotocopia de Documento Personal de Identificaci\u00f3n -DPI- (Certificado de nacimiento original reciente, en caso de ser menor de edad, o Fotocopia de Pasaporte, en caso de ser extranjero).<\/li>\n\n\n\n<li class=\"has-black-color has-text-color has-link-color wp-elements-79fd41c63a79c47102f5b998c20868f2\" style=\"border-style:none;border-width:0px;font-size:17px\">Presentar fotocopia de la Certificaci\u00f3n general de estudios de diversificado.<\/li>\n\n\n\n<li class=\"has-black-color has-text-color has-link-color wp-elements-69e969d6de21eda0d7136fb116538523\" style=\"border-style:none;border-width:0px;font-size:17px\">Constancia extendida por el centro educativo p\u00fablico en la cual acredite que ocupa el primer lugar en promedio, suscrita y sellada por el Director del Centro Educativo P\u00fablico, con visto bueno del Supervisor Educativo.<\/li>\n\n\n\n<li class=\"has-black-color has-text-color has-link-color wp-elements-7f56f9964f878a131714c31ee1e6f6a8\" style=\"border-style:none;border-width:0px;font-size:17px\">Carta de buena conducta en la cual conste que el estudiante ha demostrado buena conducta en el transcurso de su vida acad\u00e9mica en la educaci\u00f3n diversificada, suscrita por el Director del centro educativo p\u00fablico.<\/li>\n\n\n\n<li class=\"has-black-color has-text-color has-link-color wp-elements-5c3666b3c0994c3233254031d4561035\" style=\"border-style:none;border-width:0px;font-size:17px\">Constancia de NO tener sanci\u00f3n o proceso disciplinario en tr\u00e1mite emitida por el Secretario General de la Universidad de San Carlos de Guatemala. Dicha constancia debe ser gestionada a trav\u00e9s de la Secci\u00f3n Socioecon\u00f3mica de la Divisi\u00f3n de Bienestar Estudiantil Universitario -DBEU-.<\/li>\n<\/ol>\n","protected":false},"excerpt":{"rendered":"<p>REQUISITOS GENERALES DOCUMENTACI\u00d3N REQUERIDA<\/p>\n","protected":false},"author":1,"featured_media":0,"parent":0,"menu_order":0,"comment_status":"closed","ping_status":"closed","template":"","meta":{"footnotes":""},"class_list":["post-456","page","type-page","status-publish","hentry"],"_links":{"self":[{"href":"https:\/\/becas.usac.edu.gt\/index.php\/wp-json\/wp\/v2\/pages\/456","targetHints":{"allow":["GET"]}}],"collection":[{"href":"https:\/\/becas.usac.edu.gt\/index.php\/wp-json\/wp\/v2\/pages"}],"about":[{"href":"https:\/\/becas.usac.edu.gt\/index.php\/wp-json\/wp\/v2\/types\/page"}],"author":[{"embeddable":true,"href":"https:\/\/becas.usac.edu.gt\/index.php\/wp-json\/wp\/v2\/users\/1"}],"replies":[{"embeddable":true,"href":"https:\/\/becas.usac.edu.gt\/index.php\/wp-json\/wp\/v2\/comments?post=456"}],"version-history":[{"count":3,"href":"https:\/\/becas.usac.edu.gt\/index.php\/wp-json\/wp\/v2\/pages\/456\/revisions"}],"predecessor-version":[{"id":464,"href":"https:\/\/becas.usac.edu.gt\/index.php\/wp-json\/wp\/v2\/pages\/456\/revisions\/464"}],"wp:attachment":[{"href":"https:\/\/becas.usac.edu.gt\/index.php\/wp-json\/wp\/v2\/media?parent=456"}],"curies":[{"name":"wp","href":"https:\/\/api.w.org\/{rel}","templated":true}]}}