
{"id":64,"date":"2019-05-02T21:57:47","date_gmt":"2019-05-02T21:57:47","guid":{"rendered":"http:\/\/c3.usac.edu.gt\/becas.usac.edu.gt\/public_html\/?page_id=64"},"modified":"2024-01-26T23:05:25","modified_gmt":"2024-01-26T23:05:25","slug":"arte-cultura-y-deporte","status":"publish","type":"page","link":"https:\/\/becas.usac.edu.gt\/index.php\/arte-cultura-y-deporte\/","title":{"rendered":"Arte, Cultura y Deporte"},"content":{"rendered":"\n<h2 class=\"wp-block-heading\">Estudiantes de Arte, Cultura y Deporte<\/h2>\n\n\n\n<p class=\"has-text-color has-background\" style=\"color:#ffffff;background-color:#c3d456\"><strong>REQUISITOS GENERALES<\/strong><\/p>\n\n\n\n<ul class=\"wp-block-list\">\n<li>Ser guatemalteco(a) de origen.<\/li>\n\n\n\n<li>Estar inscrito(a) en la Universidad de San Carlos de Guatemala.<\/li>\n\n\n\n<li>Ser una persona de escasos recursos econ\u00f3micos, comprobables.<\/li>\n\n\n\n<li>Tener y mantener buen rendimiento acad\u00e9mico.<\/li>\n\n\n\n<li>No tener sanciones en la Unidad Acad\u00e9mica en la que est\u00e1 inscrito.<\/li>\n\n\n\n<li>Carta dirigida a la Secci\u00f3n Socioecon\u00f3mica de la Divisi\u00f3n de Bienestar Estudiantil Universitario -DBEU-, donde especifique que no labora para ninguna entidad p\u00fablica privada.<\/li>\n\n\n\n<li>No ser mayor de 27 a\u00f1os, a excepci\u00f3n de estudiantes con discapacidad que el l\u00edmite de edad ser\u00e1 de 30 a\u00f1os.<\/li>\n<\/ul>\n\n\n\n<hr class=\"wp-block-separator has-css-opacity\"\/>\n\n\n\n<p class=\"has-text-color has-background\" style=\"color:#ffffff;background-color:#c3d456\">DOCUMENTACI\u00d3N REQUERIDA<\/p>\n\n\n\n<ul class=\"wp-block-list\">\n<li>Certificado de nacimiento, extendida recientemente (si es menor de edad).<\/li>\n\n\n\n<li>Fotocopia del documento personal de identificaci\u00f3n -DPI-.<\/li>\n\n\n\n<li>Constancia de inscripci\u00f3n de la Universidad de San Carlos de Guatemala emitida por el Departamento de Registro y Estad\u00edstica.<\/li>\n\n\n\n<li>Certificaci\u00f3n general de cursos aprobados en donde haga constar la aprobaci\u00f3n de las asignaturas correspondientes al ciclo acad\u00e9mico del semestre o a\u00f1o anterior.<\/li>\n\n\n\n<li>Presentar constancia de que destaca, a nivel nacional o internacional, como representante de la Universidad de San Carlos de Guatemala, en el \u00e1mbito cultural o deportivo. Dicha constancia debe ser extendida por el Departamento de Deportes, en el caso de la beca deportiva y por la Direcci\u00f3n General de Extensi\u00f3n, en la beca de arte y cultura.<\/li>\n\n\n\n<li>Constancia de ingresos de las personas que sostienen y aportan econ\u00f3micamente al n\u00facleo familiar, extendida por el Alcalde Municipal; Peritos Contadores autorizados por la Superintendencia de Administraci\u00f3n Tributaria -SAT-; el Jefe de Recursos Humanos, en el caso de empresas privadas; boleta de pago para el caso de empleados estatales; para los jubilados el acuerdo de jubilaci\u00f3n inicial y el \u00faltimo dep\u00f3sito bancario (todos los documentos debidamente firmados y sellados).<\/li>\n\n\n\n<li>Constancia de NO tener sanciones en la Unidad Acad\u00e9mica a la que pertenece, extendida por el Secretario Acad\u00e9mico o autoridad que corresponda.<\/li>\n\n\n\n<li>Presentar solicitud en formato oficio.<\/li>\n<\/ul>\n\n\n\n<p><\/p>\n","protected":false},"excerpt":{"rendered":"<p>Estudiantes de Arte, Cultura y Deporte REQUISITOS GENERALES DOCUMENTACI\u00d3N REQUERIDA<\/p>\n","protected":false},"author":1,"featured_media":0,"parent":0,"menu_order":0,"comment_status":"closed","ping_status":"closed","template":"","meta":{"footnotes":""},"class_list":["post-64","page","type-page","status-publish","hentry"],"_links":{"self":[{"href":"https:\/\/becas.usac.edu.gt\/index.php\/wp-json\/wp\/v2\/pages\/64","targetHints":{"allow":["GET"]}}],"collection":[{"href":"https:\/\/becas.usac.edu.gt\/index.php\/wp-json\/wp\/v2\/pages"}],"about":[{"href":"https:\/\/becas.usac.edu.gt\/index.php\/wp-json\/wp\/v2\/types\/page"}],"author":[{"embeddable":true,"href":"https:\/\/becas.usac.edu.gt\/index.php\/wp-json\/wp\/v2\/users\/1"}],"replies":[{"embeddable":true,"href":"https:\/\/becas.usac.edu.gt\/index.php\/wp-json\/wp\/v2\/comments?post=64"}],"version-history":[{"count":8,"href":"https:\/\/becas.usac.edu.gt\/index.php\/wp-json\/wp\/v2\/pages\/64\/revisions"}],"predecessor-version":[{"id":411,"href":"https:\/\/becas.usac.edu.gt\/index.php\/wp-json\/wp\/v2\/pages\/64\/revisions\/411"}],"wp:attachment":[{"href":"https:\/\/becas.usac.edu.gt\/index.php\/wp-json\/wp\/v2\/media?parent=64"}],"curies":[{"name":"wp","href":"https:\/\/api.w.org\/{rel}","templated":true}]}}