
{"id":71,"date":"2019-05-02T22:11:19","date_gmt":"2019-05-02T22:11:19","guid":{"rendered":"http:\/\/c3.usac.edu.gt\/becas.usac.edu.gt\/public_html\/?page_id=71"},"modified":"2024-02-12T21:02:48","modified_gmt":"2024-02-12T21:02:48","slug":"solicitud-de-beca","status":"publish","type":"page","link":"https:\/\/becas.usac.edu.gt\/index.php\/solicitud-de-beca\/","title":{"rendered":"Solicitud de Beca"},"content":{"rendered":"\n<p>\u00a1IMPORTANTE!<\/p>\n\n\n\n<p class=\"has-vivid-cyan-blue-background-color has-text-color has-background\" style=\"color:#ffffff\"><strong>PASO NO. 1<\/strong><\/p>\n\n\n\n<p>Antes de entrar a solicitar una beca, debes ubicarte en el men\u00fa&nbsp;<em>Tipos de Beca<\/em>&nbsp;y verificar la beca a la que deseas aplicar. Asegurate de leer todos los requisitos tanto generales como la documentaci\u00f3n requerida y si cumples con ellos, entonces estas listo para el siguiente paso.<\/p>\n\n\n\n<p class=\"has-vivid-cyan-blue-background-color has-text-color has-background\" style=\"color:#ffffff\"><strong>PASO NO. 2<\/strong><\/p>\n\n\n\n<p>En la parte inferior podr\u00e1s ver un bot\u00f3n que dice \u00a1Estoy listo!, da un clic y entrar\u00e1s a la p\u00e1gina de Becas Estudiantiles Usac.<\/p>\n\n\n\n<p>En el espacio&nbsp;<em>Usuario<\/em>&nbsp;debes colocar tu n\u00famero de carn\u00e9 y la&nbsp;<em>Contrase\u00f1a<\/em> es tu pin. <\/p>\n\n\n\n<hr class=\"wp-block-separator has-css-opacity\"\/>\n\n\n\n<div class=\"wp-block-button alignright\"><a class=\"wp-block-button__link has-luminous-vivid-amber-background-color has-text-color has-background wp-element-button\" href=\"https:\/\/portalregistro.usac.edu.gt\/pin_estudiante\" style=\"color:#ffffff\">Recuperar Pin<\/a><\/div>\n\n\n\n<pre class=\"wp-block-verse\"><em>Si no recuerdas tu pin puedes darle clic<br>al siguiente bot\u00f3n:<\/em><br><\/pre>\n\n\n\n<hr class=\"wp-block-separator has-css-opacity\"\/>\n\n\n\n<p>Cambia el&nbsp;<em>Tipo Usuario&nbsp;<\/em>a estudiante y da clic en&nbsp;<em>Login.<\/em><\/p>\n\n\n\n<p>Por \u00faltimo, ve a la pesta\u00f1a&nbsp;<em>solicitud<\/em>, lee con atenci\u00f3n lo que te pide y ve directamente a la Secci\u00f3n Socioecon\u00f3mica en la fecha que se te sea asignado junto con tu papeler\u00eda.<\/p>\n\n\n\n<div class=\"wp-block-button\"><a class=\"wp-block-button__link has-vivid-green-cyan-background-color has-text-color has-background wp-element-button\" href=\"https:\/\/siif.usac.edu.gt\/beca\/faces\/inicio.jsp\" style=\"color:#ffffff\" target=\"_blank\" rel=\"noreferrer noopener\">\u00a1Estoy listo!<\/a><\/div>\n","protected":false},"excerpt":{"rendered":"<p>\u00a1IMPORTANTE! PASO NO. 1 Antes de entrar a solicitar una beca, debes ubicarte en el men\u00fa&nbsp;Tipos de Beca&nbsp;y verificar la beca a la que deseas aplicar. Asegurate de leer todos los requisitos tanto generales como la documentaci\u00f3n requerida y si<\/p>\n","protected":false},"author":1,"featured_media":0,"parent":0,"menu_order":0,"comment_status":"closed","ping_status":"closed","template":"","meta":{"footnotes":""},"class_list":["post-71","page","type-page","status-publish","hentry"],"_links":{"self":[{"href":"https:\/\/becas.usac.edu.gt\/index.php\/wp-json\/wp\/v2\/pages\/71","targetHints":{"allow":["GET"]}}],"collection":[{"href":"https:\/\/becas.usac.edu.gt\/index.php\/wp-json\/wp\/v2\/pages"}],"about":[{"href":"https:\/\/becas.usac.edu.gt\/index.php\/wp-json\/wp\/v2\/types\/page"}],"author":[{"embeddable":true,"href":"https:\/\/becas.usac.edu.gt\/index.php\/wp-json\/wp\/v2\/users\/1"}],"replies":[{"embeddable":true,"href":"https:\/\/becas.usac.edu.gt\/index.php\/wp-json\/wp\/v2\/comments?post=71"}],"version-history":[{"count":7,"href":"https:\/\/becas.usac.edu.gt\/index.php\/wp-json\/wp\/v2\/pages\/71\/revisions"}],"predecessor-version":[{"id":431,"href":"https:\/\/becas.usac.edu.gt\/index.php\/wp-json\/wp\/v2\/pages\/71\/revisions\/431"}],"wp:attachment":[{"href":"https:\/\/becas.usac.edu.gt\/index.php\/wp-json\/wp\/v2\/media?parent=71"}],"curies":[{"name":"wp","href":"https:\/\/api.w.org\/{rel}","templated":true}]}}