
{"id":79,"date":"2019-05-02T22:32:20","date_gmt":"2019-05-02T22:32:20","guid":{"rendered":"http:\/\/c3.usac.edu.gt\/becas.usac.edu.gt\/public_html\/?page_id=79"},"modified":"2019-05-29T17:20:08","modified_gmt":"2019-05-29T17:20:08","slug":"hitoria","status":"publish","type":"page","link":"https:\/\/becas.usac.edu.gt\/index.php\/hitoria\/","title":{"rendered":"Marco Jur\u00eddico"},"content":{"rendered":"\n<p style=\"background-color:#c3d456;color:#ffffff\" class=\"has-text-color has-background\"><strong>Marco Jur\u00eddico<\/strong><\/p>\n\n\n\n<p>La Secci\u00f3n Socioecon\u00f3mica fue creada por el Consejo Superior Universitario, seg\u00fan el punto D\u00e9cimo Cuarto del Acta 703 aprobada el 10 de<br>octubre de 1,959.<\/p>\n","protected":false},"excerpt":{"rendered":"<p>Marco Jur\u00eddico La Secci\u00f3n Socioecon\u00f3mica fue creada por el Consejo Superior Universitario, seg\u00fan el punto D\u00e9cimo Cuarto del Acta 703 aprobada el 10 deoctubre de 1,959.<\/p>\n","protected":false},"author":1,"featured_media":0,"parent":0,"menu_order":0,"comment_status":"closed","ping_status":"closed","template":"","meta":{"footnotes":""},"class_list":["post-79","page","type-page","status-publish","hentry"],"_links":{"self":[{"href":"https:\/\/becas.usac.edu.gt\/index.php\/wp-json\/wp\/v2\/pages\/79","targetHints":{"allow":["GET"]}}],"collection":[{"href":"https:\/\/becas.usac.edu.gt\/index.php\/wp-json\/wp\/v2\/pages"}],"about":[{"href":"https:\/\/becas.usac.edu.gt\/index.php\/wp-json\/wp\/v2\/types\/page"}],"author":[{"embeddable":true,"href":"https:\/\/becas.usac.edu.gt\/index.php\/wp-json\/wp\/v2\/users\/1"}],"replies":[{"embeddable":true,"href":"https:\/\/becas.usac.edu.gt\/index.php\/wp-json\/wp\/v2\/comments?post=79"}],"version-history":[{"count":4,"href":"https:\/\/becas.usac.edu.gt\/index.php\/wp-json\/wp\/v2\/pages\/79\/revisions"}],"predecessor-version":[{"id":174,"href":"https:\/\/becas.usac.edu.gt\/index.php\/wp-json\/wp\/v2\/pages\/79\/revisions\/174"}],"wp:attachment":[{"href":"https:\/\/becas.usac.edu.gt\/index.php\/wp-json\/wp\/v2\/media?parent=79"}],"curies":[{"name":"wp","href":"https:\/\/api.w.org\/{rel}","templated":true}]}}