
{"id":83,"date":"2019-05-03T00:23:09","date_gmt":"2019-05-03T00:23:09","guid":{"rendered":"http:\/\/c3.usac.edu.gt\/becas.usac.edu.gt\/public_html\/?page_id=83"},"modified":"2019-05-03T14:09:39","modified_gmt":"2019-05-03T14:09:39","slug":"acerca-de-seccion-socioeconomica","status":"publish","type":"page","link":"https:\/\/becas.usac.edu.gt\/index.php\/acerca-de-seccion-socioeconomica\/","title":{"rendered":"Marco Hist\u00f3rico"},"content":{"rendered":"\n<p style=\"background-color:#c3d456;color:#ffffff\" class=\"has-text-color has-background\"><strong>Marco Hist\u00f3rico<\/strong><\/p>\n\n\n\n<p class=\"has-background has-very-light-gray-background-color\">En el a\u00f1o 1948 se celebr\u00f3 un Congreso Centroamericano en la ciudad de San Salvador, donde se aprob\u00f3 de manera un\u00e1nime la funci\u00f3n social que debe realizar la Universidad, la cual comprende el servicio de protecci\u00f3n econ\u00f3mico social del estudiante universitario. Fue as\u00ed que el Rector Dr. Carlos Mart\u00ednez Dur\u00e1n en 1949 funda la primera unidad de servicio de bienestar, el comedor universitario que proporcionaba desayunos, almuerzos y cenas que se inaugur\u00f3 con 12 comensales y meses m\u00e1s tarde eran 30 los inscritos. <\/p>\n\n\n\n<blockquote class=\"wp-block-quote is-style-default is-layout-flow wp-block-quote-is-layout-flow\"><p><br> La Secci\u00f3n Socioecon\u00f3mica es la m\u00e1s antigua de la Divisi\u00f3n de Bienestar Estudiantil Universitario y es la dependencia t\u00e9cnica-administrativa y de servicio que apoya al estudiante universitario de escasos recursos econ\u00f3micos y alto rendimiento acad\u00e9mico, responsable de administrar y ejecutar el programa de becas de pregrado de la Universidad de San Carlos de Guatemala. <br> <br> <br> El personal que la conforma son 6 profesionales de trabajo social, incluyendo la que ocupa la jefatura y 3 secretarias de diferentes categor\u00edas. <br> <br> <br> Por \u00faltimo, es importante reconocer el valioso trabajo que realiza todo el personal de la Secci\u00f3n Socioecon\u00f3mica, que est\u00e1 al servicio de un sector de la poblaci\u00f3n estudiantil, que ve realizados sus sue\u00f1os de ser profesionales, gracias al apoyo del programa de becas de pregrado de la universidad, que sin este ser\u00eda pr\u00e1cticamente imposible hacerlo, por la situaci\u00f3n econ\u00f3mica de sus respectivas familias. <\/p><\/blockquote>\n\n\n\n<p class=\"has-background has-very-light-gray-background-color\">En febrero de 1,950, siendo Rector el Ing. Miguel Asturias Qui\u00f1\u00f3nez, ampli\u00f3 la acci\u00f3n del comedor universitario transform\u00e1ndolo en residencia estudiantil, para dar albergue a los estudiantes necesitados del interior de la rep\u00fablica. En ambos servicios, participaba el trabajador social para evaluar la situaci\u00f3n socioecon\u00f3mica del caso. As\u00ed naci\u00f3 tambi\u00e9n el servicio m\u00e9dico y otros posteriores como lo son: club deportivo universitario otorgando exenci\u00f3n de pago de matr\u00edcula y derechos de ex\u00e1menes a todos los participantes de los equipos que representaban a la universidad en la liga mayor; teatro universitario a quienes se les autorizaba un subsidio de Q50.00 para vestuario, maquillaje. Se concedieron 12 becas consistentes en exenciones de matr\u00edcula y derecho de ex\u00e1menes as\u00ed como 2 becas vitales que incluyen hospedaje y alimentaci\u00f3n como est\u00edmulo de estudiantes de primer ingreso. <\/p>\n\n\n\n<p>El 10 de octubre de 1,959 fue creada la Secci\u00f3n Socioecon\u00f3mica como una de las tres secciones del Departamento de Bienestar Estudiantil al igual que Secci\u00f3n de Salud y la de Orientaci\u00f3n; quedando integrado de \u00e9sa forma los servicios con proyecci\u00f3n al estudiante desde el punto de vista m\u00e9dico, psicopedag\u00f3gico y socioecon\u00f3mico. <\/p>\n\n\n\n<p class=\"has-background has-very-light-gray-background-color\">El 23 de julio de 1,975 en Acta No. 16-75, el Consejo Superior Universitario aprueba el Proyecto de Reglamento de Bienestar Universitario, y lo define como el organismo t\u00e9cnico de la detecci\u00f3n de los problemas socioecon\u00f3micos, de orientaci\u00f3n vocacional y de salud en general que afecta al estudiante de la USAC. Capacitado y facultado para coordinar programas que tiendan a la resoluci\u00f3n o minimizaci\u00f3n de aquellos problemas, as\u00ed como para impulsar actividades que promuevan la eliminaci\u00f3n de las causas que los provocan. <\/p>\n\n\n\n<p>En 1,981 seg\u00fan Acuerdo de Rector\u00eda No. 699-81 de fecha 25 de agosto de 1,981, se le da la categor\u00eda de Divisi\u00f3n de Bienestar Estudiantil, como dependencia de la Direcci\u00f3n General de Administraci\u00f3n, conformada por la Secci\u00f3n Socioecon\u00f3mica, Secci\u00f3n de Orientaci\u00f3n Vocacional y la Unidad de Salud. La Secci\u00f3n Socioecon\u00f3mica ten\u00eda la exclusividad de la administraci\u00f3n del Programa de Becas Pr\u00e9stamo de Pregrado. <\/p>\n\n\n\n<p class=\"has-background has-very-light-gray-background-color\">Posteriormente, el Consejo Superior Universitario, el 7 de julio de 1,999, seg\u00fan punto segundo del Acta No. 21-99, autorizaba crear la Direcci\u00f3n General de Docencia en donde ubic\u00f3 a la Divisi\u00f3n de Bienestar Estudiantil dentro de su estructura org\u00e1nica. La Secci\u00f3n Socioecon\u00f3mica contin\u00faa con el programa de Becas Pr\u00e9stamo y se implementaron becas no reembolsables gracias a donaciones de instituciones extranjeras como es el caso de USAID, as\u00ed como de la empresa privada y personas particulares. <\/p>\n\n\n\n<p>Fue hasta en el a\u00f1o 2,012, que el Consejo Superior Universitario en sesi\u00f3n del 25 de enero, aprob\u00f3 el Reglamento de Becas de Pregrado para estudiantes de la Universidad de San Carlos de Guatemala seg\u00fan consta en el punto octavo, inciso 8.1 del Acta 01-2012. Reglamento en el cual se deroga el programa de Becas Pr\u00e9stamo y se constituye la modalidad de beca propiamente dicha, vigente a la fecha de actualizaci\u00f3n del presente Manual de Organizaci\u00f3n. <\/p>\n\n\n\n<p class=\"has-background has-very-light-gray-background-color\">Los objetivos del fondo de becas llevan como fin principal el incentivar el ingreso de estudiantes guatemaltecos de escasos recursos econ\u00f3micos y buen rendimiento acad\u00e9mico a la universidad, ampliar la cobertura educativa a nivel superior, reconocer los m\u00e9ritos acad\u00e9micos, la participaci\u00f3n art\u00edstica, cultural y deportiva de los estudiantes inscritos en la Universidad de San Carlos de Guatemala; facilitar el acceso a la universidad de los estudiantes con discapacidad y de la diferentes etnias mayas. <\/p>\n\n\n\n<p>En la estructura org\u00e1nica de la Secci\u00f3n Socioecon\u00f3mica, es relevante el papel del trabajador social, quien es el que realiza los estudios socioecon\u00f3micos y propone a los candidatos a la Comisi\u00f3n de Adjudicaci\u00f3n de Becas quien finalmente elige a los becados.<\/p>\n","protected":false},"excerpt":{"rendered":"<p>Marco Hist\u00f3rico En el a\u00f1o 1948 se celebr\u00f3 un Congreso Centroamericano en la ciudad de San Salvador, donde se aprob\u00f3 de manera un\u00e1nime la funci\u00f3n social que debe realizar la Universidad, la cual comprende el servicio de protecci\u00f3n econ\u00f3mico social<\/p>\n","protected":false},"author":1,"featured_media":0,"parent":0,"menu_order":0,"comment_status":"closed","ping_status":"closed","template":"","meta":{"footnotes":""},"class_list":["post-83","page","type-page","status-publish","hentry"],"_links":{"self":[{"href":"https:\/\/becas.usac.edu.gt\/index.php\/wp-json\/wp\/v2\/pages\/83","targetHints":{"allow":["GET"]}}],"collection":[{"href":"https:\/\/becas.usac.edu.gt\/index.php\/wp-json\/wp\/v2\/pages"}],"about":[{"href":"https:\/\/becas.usac.edu.gt\/index.php\/wp-json\/wp\/v2\/types\/page"}],"author":[{"embeddable":true,"href":"https:\/\/becas.usac.edu.gt\/index.php\/wp-json\/wp\/v2\/users\/1"}],"replies":[{"embeddable":true,"href":"https:\/\/becas.usac.edu.gt\/index.php\/wp-json\/wp\/v2\/comments?post=83"}],"version-history":[{"count":4,"href":"https:\/\/becas.usac.edu.gt\/index.php\/wp-json\/wp\/v2\/pages\/83\/revisions"}],"predecessor-version":[{"id":95,"href":"https:\/\/becas.usac.edu.gt\/index.php\/wp-json\/wp\/v2\/pages\/83\/revisions\/95"}],"wp:attachment":[{"href":"https:\/\/becas.usac.edu.gt\/index.php\/wp-json\/wp\/v2\/media?parent=83"}],"curies":[{"name":"wp","href":"https:\/\/api.w.org\/{rel}","templated":true}]}}