
{"id":85,"date":"2019-05-03T00:26:37","date_gmt":"2019-05-03T00:26:37","guid":{"rendered":"http:\/\/c3.usac.edu.gt\/becas.usac.edu.gt\/public_html\/?page_id=85"},"modified":"2019-05-29T16:28:07","modified_gmt":"2019-05-29T16:28:07","slug":"objetivos","status":"publish","type":"page","link":"https:\/\/becas.usac.edu.gt\/index.php\/objetivos\/","title":{"rendered":"Objetivos"},"content":{"rendered":"\n<ul class=\"wp-block-list\"><li>Apoyar, mediante la adjudicaci\u00f3n de becas de pregrado, a estudiantes de escasos recursos econ\u00f3micos y alto rendimiento acad\u00e9mico.<\/li><li><em>Apoyar mediante la adjudicaci\u00f3n de becas para EPS o tesis, a estudiantes que por dificultades de tipo socioecon\u00f3mico no puedan concluir su carrera profesional.<\/em><\/li><li>Impulsar programas (como el de la residencia universitaria) que coadyuven a la soluci\u00f3n de las dificultades socioecon\u00f3micas de los estudiantes de escasos recursos econ\u00f3micos y alto rendimiento acad\u00e9mico.<\/li><li><em>Involucrar al becario en proyectos de beneficio colectivo, por medio del servicio social que presten.<\/em><\/li><li>Promover programas de asistencia integral que propicien el \u00e9xito acad\u00e9mico de los becados.<\/li><\/ul>\n\n\n\n<p><\/p>\n","protected":false},"excerpt":{"rendered":"<p>Apoyar, mediante la adjudicaci\u00f3n de becas de pregrado, a estudiantes de escasos recursos econ\u00f3micos y alto rendimiento acad\u00e9mico. Apoyar mediante la adjudicaci\u00f3n de becas para EPS o tesis, a estudiantes que por dificultades de tipo socioecon\u00f3mico no puedan concluir su<\/p>\n","protected":false},"author":1,"featured_media":0,"parent":0,"menu_order":0,"comment_status":"closed","ping_status":"closed","template":"","meta":{"footnotes":""},"class_list":["post-85","page","type-page","status-publish","hentry"],"_links":{"self":[{"href":"https:\/\/becas.usac.edu.gt\/index.php\/wp-json\/wp\/v2\/pages\/85","targetHints":{"allow":["GET"]}}],"collection":[{"href":"https:\/\/becas.usac.edu.gt\/index.php\/wp-json\/wp\/v2\/pages"}],"about":[{"href":"https:\/\/becas.usac.edu.gt\/index.php\/wp-json\/wp\/v2\/types\/page"}],"author":[{"embeddable":true,"href":"https:\/\/becas.usac.edu.gt\/index.php\/wp-json\/wp\/v2\/users\/1"}],"replies":[{"embeddable":true,"href":"https:\/\/becas.usac.edu.gt\/index.php\/wp-json\/wp\/v2\/comments?post=85"}],"version-history":[{"count":8,"href":"https:\/\/becas.usac.edu.gt\/index.php\/wp-json\/wp\/v2\/pages\/85\/revisions"}],"predecessor-version":[{"id":141,"href":"https:\/\/becas.usac.edu.gt\/index.php\/wp-json\/wp\/v2\/pages\/85\/revisions\/141"}],"wp:attachment":[{"href":"https:\/\/becas.usac.edu.gt\/index.php\/wp-json\/wp\/v2\/media?parent=85"}],"curies":[{"name":"wp","href":"https:\/\/api.w.org\/{rel}","templated":true}]}}