
{"id":87,"date":"2019-05-03T00:29:51","date_gmt":"2019-05-03T00:29:51","guid":{"rendered":"http:\/\/c3.usac.edu.gt\/becas.usac.edu.gt\/public_html\/?page_id=87"},"modified":"2019-05-29T16:34:55","modified_gmt":"2019-05-29T16:34:55","slug":"funciones","status":"publish","type":"page","link":"https:\/\/becas.usac.edu.gt\/index.php\/funciones\/","title":{"rendered":"Funciones"},"content":{"rendered":"\n<p class=\"has-background has-cyan-bluish-gray-background-color\">a. Administrar el Programa de Becas de Pregrado de la Universidad de San Carlos de Guatemala. <\/p>\n\n\n\n<p class=\"has-background has-very-light-gray-background-color\">b. Proporcionar becas por subvenci\u00f3n econ\u00f3mica. <\/p>\n\n\n\n<p class=\"has-background has-cyan-bluish-gray-background-color\">c. Nivelar la cobertura de becas equitativamente a todas las unidades acad\u00e9micas. <\/p>\n\n\n\n<p class=\"has-background has-very-light-gray-background-color\">d. Gestionar el incremento del presupuesto para el programa de becas. <\/p>\n\n\n\n<p class=\"has-background has-cyan-bluish-gray-background-color\">e. Agotar el presupuesto de becas asignado anualmente. <\/p>\n\n\n\n<p class=\"has-background has-very-light-gray-background-color\">f. Realizar acciones dirigidas al sector p\u00fablico y privado, a fin que permita incrementar el fondo de ayudas econ\u00f3micas, que la Universidad de San Carlos de Guatemala asigna presupuestalmente para becas. <\/p>\n\n\n\n<p class=\"has-background has-cyan-bluish-gray-background-color\">g. Brindar becas de alojamiento al estudiante universitario. <\/p>\n\n\n\n<p class=\"has-background has-very-light-gray-background-color\">h. Administrar y supervisar el alojamiento en la \u201cCasa del Estudiante\u201d. <\/p>\n\n\n\n<p class=\"has-background has-cyan-bluish-gray-background-color\">i. Promover proyectos acad\u00e9micos, deportivos, recreativos y culturales, para propiciar la formaci\u00f3n integral del estudiante becado. <\/p>\n\n\n\n<p class=\"has-background has-very-light-gray-background-color\">j. Estimular al estudiante becado en la realizaci\u00f3n del servicio social, como labor de extensi\u00f3n de la universidad. <\/p>\n\n\n\n<p class=\"has-background has-cyan-bluish-gray-background-color\">k. Apoyar y promover la creaci\u00f3n y desarrollo de programas de apoyo socioecon\u00f3mico y apoyo acad\u00e9mico a estudiantes de pregrado, por parte de las unidades acad\u00e9micas de la universidad y de las asociaciones estudiantiles. <\/p>\n\n\n\n<p class=\"has-background has-very-light-gray-background-color\">l. Coordinar con la Unidad de Salud asistencia especial al grupo de estudiantes becados. <\/p>\n\n\n\n<p class=\"has-background has-cyan-bluish-gray-background-color\">m.Coordinar con las distintas dependencias de la universidad, acciones que involucren al estudiante becado en programas de servicio social. <\/p>\n\n\n\n<p class=\"has-background has-very-light-gray-background-color\">n. Emitir dict\u00e1menes t\u00e9cnicos que sirvan de base para la toma de decisiones de qu\u00e9 estudiantes llenan los requisitos para ser alojados en la residencia universitaria. <\/p>\n\n\n\n<p class=\"has-background has-cyan-bluish-gray-background-color\">o. Elaborar y evaluar el Plan Operativo Anual de la Secci\u00f3n Socioecon\u00f3mica.<\/p>\n","protected":false},"excerpt":{"rendered":"<p>a. Administrar el Programa de Becas de Pregrado de la Universidad de San Carlos de Guatemala. b. Proporcionar becas por subvenci\u00f3n econ\u00f3mica. c. Nivelar la cobertura de becas equitativamente a todas las unidades acad\u00e9micas. d. Gestionar el incremento del presupuesto<\/p>\n","protected":false},"author":1,"featured_media":0,"parent":0,"menu_order":0,"comment_status":"closed","ping_status":"closed","template":"","meta":{"footnotes":""},"class_list":["post-87","page","type-page","status-publish","hentry"],"_links":{"self":[{"href":"https:\/\/becas.usac.edu.gt\/index.php\/wp-json\/wp\/v2\/pages\/87","targetHints":{"allow":["GET"]}}],"collection":[{"href":"https:\/\/becas.usac.edu.gt\/index.php\/wp-json\/wp\/v2\/pages"}],"about":[{"href":"https:\/\/becas.usac.edu.gt\/index.php\/wp-json\/wp\/v2\/types\/page"}],"author":[{"embeddable":true,"href":"https:\/\/becas.usac.edu.gt\/index.php\/wp-json\/wp\/v2\/users\/1"}],"replies":[{"embeddable":true,"href":"https:\/\/becas.usac.edu.gt\/index.php\/wp-json\/wp\/v2\/comments?post=87"}],"version-history":[{"count":3,"href":"https:\/\/becas.usac.edu.gt\/index.php\/wp-json\/wp\/v2\/pages\/87\/revisions"}],"predecessor-version":[{"id":147,"href":"https:\/\/becas.usac.edu.gt\/index.php\/wp-json\/wp\/v2\/pages\/87\/revisions\/147"}],"wp:attachment":[{"href":"https:\/\/becas.usac.edu.gt\/index.php\/wp-json\/wp\/v2\/media?parent=87"}],"curies":[{"name":"wp","href":"https:\/\/api.w.org\/{rel}","templated":true}]}}